{"id":5559,"date":"2021-02-21T12:36:11","date_gmt":"2021-02-21T12:36:11","guid":{"rendered":"https:\/\/vinefloria.com\/?page_id=5559"},"modified":"2021-06-15T16:14:39","modified_gmt":"2021-06-15T16:14:39","slug":"coffrets-et-abonnements-accords","status":"publish","type":"page","link":"https:\/\/vinefloria.com\/index.php\/coffrets-et-abonnements-accords\/","title":{"rendered":"Coffrets et Abonnements \u00ab\u00a0Accords\u00a0\u00bb"},"content":{"rendered":"\t\t<div data-elementor-type=\"wp-page\" data-elementor-id=\"5559\" class=\"elementor elementor-5559\">\n\t\t\t\t\t\t<div class=\"elementor-inner\">\n\t\t\t\t<div class=\"elementor-section-wrap\">\n\t\t\t\t\t\t\t\t\t<section class=\"elementor-section elementor-top-section elementor-element elementor-element-9be566d elementor-section-boxed elementor-section-height-default elementor-section-height-default parallax_section_no qode_elementor_container_no\" data-id=\"9be566d\" data-element_type=\"section\">\n\t\t\t\t\t\t<div class=\"elementor-container elementor-column-gap-default\">\n\t\t\t\t\t\t\t<div class=\"elementor-row\">\n\t\t\t\t\t<div class=\"elementor-column elementor-col-50 elementor-top-column elementor-element elementor-element-5e0043b\" data-id=\"5e0043b\" data-element_type=\"column\">\n\t\t\t<div class=\"elementor-column-wrap elementor-element-populated\">\n\t\t\t\t\t\t\t<div class=\"elementor-widget-wrap\">\n\t\t\t\t\t\t<div class=\"elementor-element elementor-element-f281f58 elementor-widget elementor-widget-image\" data-id=\"f281f58\" data-element_type=\"widget\" data-widget_type=\"image.default\">\n\t\t\t\t<div class=\"elementor-widget-container\">\n\t\t\t\t\t\t\t\t<div class=\"elementor-image\">\n\t\t\t\t\t\t\t\t\t\t\t\t<img width=\"180\" height=\"300\" src=\"https:\/\/vinefloria.com\/wp-content\/uploads\/2020\/12\/Capture-decran-2020-12-09-a-15.33.21-180x300.png\" class=\"attachment-medium size-medium\" alt=\"\" loading=\"lazy\" srcset=\"https:\/\/vinefloria.com\/wp-content\/uploads\/2020\/12\/Capture-decran-2020-12-09-a-15.33.21-180x300.png 180w, https:\/\/vinefloria.com\/wp-content\/uploads\/2020\/12\/Capture-decran-2020-12-09-a-15.33.21.png 462w\" sizes=\"(max-width: 180px) 100vw, 180px\" \/>\t\t\t\t\t\t\t\t\t\t\t\t\t\t<\/div>\n\t\t\t\t\t\t<\/div>\n\t\t\t\t<\/div>\n\t\t\t\t\t\t<\/div>\n\t\t\t\t\t<\/div>\n\t\t<\/div>\n\t\t\t\t<div class=\"elementor-column elementor-col-50 elementor-top-column elementor-element elementor-element-f630346\" data-id=\"f630346\" data-element_type=\"column\">\n\t\t\t<div class=\"elementor-column-wrap elementor-element-populated\">\n\t\t\t\t\t\t\t<div class=\"elementor-widget-wrap\">\n\t\t\t\t\t\t<div class=\"elementor-element elementor-element-bc50798 elementor-widget elementor-widget-text-editor\" data-id=\"bc50798\" data-element_type=\"widget\" data-widget_type=\"text-editor.default\">\n\t\t\t\t<div class=\"elementor-widget-container\">\n\t\t\t\t\t\t\t\t<div class=\"elementor-text-editor elementor-clearfix\">\n\t\t\t\t<p>Le coffret est pour nous le moyen d&rsquo;apporter l&rsquo;exp\u00e9rience de l&rsquo;accord mets &amp; vins chez vous !\u00a0<\/p><p>De la mani\u00e8re la plus simple et ludique pour un instant de partage et de gourmandise assur\u00e9.<\/p><p>Chaque saison, nous composons des condiments (\u00e9pices, plantes, fruits et l\u00e9gumes s\u00e9ch\u00e9s) en associations avec les meilleurs vins.\u00a0<\/p><p>Dans le coffret sont d\u00e9taill\u00e9s les descriptions des vins, des condiments et r\u00e9alisations simples \u00e0 faire chez vous.\u00a0<\/p>\t\t\t\t\t<\/div>\n\t\t\t\t\t\t<\/div>\n\t\t\t\t<\/div>\n\t\t\t\t\t\t<\/div>\n\t\t\t\t\t<\/div>\n\t\t<\/div>\n\t\t\t\t\t\t\t\t<\/div>\n\t\t\t\t\t<\/div>\n\t\t<\/section>\n\t\t\t\t<section class=\"elementor-section elementor-top-section elementor-element elementor-element-874e18e elementor-section-boxed elementor-section-height-default elementor-section-height-default parallax_section_no qode_elementor_container_no\" data-id=\"874e18e\" data-element_type=\"section\">\n\t\t\t\t\t\t<div class=\"elementor-container elementor-column-gap-default\">\n\t\t\t\t\t\t\t<div class=\"elementor-row\">\n\t\t\t\t\t<div class=\"elementor-column elementor-col-33 elementor-top-column elementor-element elementor-element-8738436\" data-id=\"8738436\" data-element_type=\"column\">\n\t\t\t<div class=\"elementor-column-wrap elementor-element-populated\">\n\t\t\t\t\t\t\t<div class=\"elementor-widget-wrap\">\n\t\t\t\t\t\t<div class=\"elementor-element elementor-element-c04e188 elementor-widget elementor-widget-image\" data-id=\"c04e188\" data-element_type=\"widget\" data-widget_type=\"image.default\">\n\t\t\t\t<div class=\"elementor-widget-container\">\n\t\t\t\t\t\t\t\t<div class=\"elementor-image\">\n\t\t\t\t\t\t\t\t\t\t\t\t<img width=\"184\" height=\"300\" src=\"https:\/\/vinefloria.com\/wp-content\/uploads\/2020\/12\/Photo-coffret-Calsac-184x300.jpg\" class=\"attachment-medium size-medium\" alt=\"\" loading=\"lazy\" srcset=\"https:\/\/vinefloria.com\/wp-content\/uploads\/2020\/12\/Photo-coffret-Calsac-184x300.jpg 184w, https:\/\/vinefloria.com\/wp-content\/uploads\/2020\/12\/Photo-coffret-Calsac-628x1024.jpg 628w, https:\/\/vinefloria.com\/wp-content\/uploads\/2020\/12\/Photo-coffret-Calsac-768x1251.jpg 768w, https:\/\/vinefloria.com\/wp-content\/uploads\/2020\/12\/Photo-coffret-Calsac-943x1536.jpg 943w, https:\/\/vinefloria.com\/wp-content\/uploads\/2020\/12\/Photo-coffret-Calsac-1257x2048.jpg 1257w, https:\/\/vinefloria.com\/wp-content\/uploads\/2020\/12\/Photo-coffret-Calsac-600x978.jpg 600w, https:\/\/vinefloria.com\/wp-content\/uploads\/2020\/12\/Photo-coffret-Calsac-scaled.jpg 1571w\" sizes=\"(max-width: 184px) 100vw, 184px\" \/>\t\t\t\t\t\t\t\t\t\t\t\t\t\t<\/div>\n\t\t\t\t\t\t<\/div>\n\t\t\t\t<\/div>\n\t\t\t\t\t\t<\/div>\n\t\t\t\t\t<\/div>\n\t\t<\/div>\n\t\t\t\t<div class=\"elementor-column elementor-col-33 elementor-top-column elementor-element elementor-element-10cdbf5\" data-id=\"10cdbf5\" data-element_type=\"column\">\n\t\t\t<div class=\"elementor-column-wrap elementor-element-populated\">\n\t\t\t\t\t\t\t<div class=\"elementor-widget-wrap\">\n\t\t\t\t\t\t<div class=\"elementor-element elementor-element-bad6909 elementor-widget elementor-widget-image\" data-id=\"bad6909\" data-element_type=\"widget\" data-widget_type=\"image.default\">\n\t\t\t\t<div class=\"elementor-widget-container\">\n\t\t\t\t\t\t\t\t<div class=\"elementor-image\">\n\t\t\t\t\t\t\t\t\t\t\t\t<img width=\"232\" height=\"300\" src=\"https:\/\/vinefloria.com\/wp-content\/uploads\/2020\/12\/Capture-decran-2020-12-09-a-15.33.32-232x300.png\" class=\"attachment-medium size-medium\" alt=\"\" loading=\"lazy\" srcset=\"https:\/\/vinefloria.com\/wp-content\/uploads\/2020\/12\/Capture-decran-2020-12-09-a-15.33.32-232x300.png 232w, https:\/\/vinefloria.com\/wp-content\/uploads\/2020\/12\/Capture-decran-2020-12-09-a-15.33.32.png 590w\" sizes=\"(max-width: 232px) 100vw, 232px\" \/>\t\t\t\t\t\t\t\t\t\t\t\t\t\t<\/div>\n\t\t\t\t\t\t<\/div>\n\t\t\t\t<\/div>\n\t\t\t\t\t\t<\/div>\n\t\t\t\t\t<\/div>\n\t\t<\/div>\n\t\t\t\t<div class=\"elementor-column elementor-col-33 elementor-top-column elementor-element elementor-element-953a997\" data-id=\"953a997\" data-element_type=\"column\">\n\t\t\t<div class=\"elementor-column-wrap elementor-element-populated\">\n\t\t\t\t\t\t\t<div class=\"elementor-widget-wrap\">\n\t\t\t\t\t\t<div class=\"elementor-element elementor-element-bdc65f1 elementor-widget elementor-widget-image\" data-id=\"bdc65f1\" data-element_type=\"widget\" data-widget_type=\"image.default\">\n\t\t\t\t<div class=\"elementor-widget-container\">\n\t\t\t\t\t\t\t\t<div class=\"elementor-image\">\n\t\t\t\t\t\t\t\t\t\t\t\t<img width=\"240\" height=\"300\" src=\"https:\/\/vinefloria.com\/wp-content\/uploads\/2020\/12\/Photo-coffret-Fargues-240x300.jpg\" class=\"attachment-medium size-medium\" alt=\"\" loading=\"lazy\" srcset=\"https:\/\/vinefloria.com\/wp-content\/uploads\/2020\/12\/Photo-coffret-Fargues-240x300.jpg 240w, https:\/\/vinefloria.com\/wp-content\/uploads\/2020\/12\/Photo-coffret-Fargues-819x1024.jpg 819w, https:\/\/vinefloria.com\/wp-content\/uploads\/2020\/12\/Photo-coffret-Fargues-768x960.jpg 768w, https:\/\/vinefloria.com\/wp-content\/uploads\/2020\/12\/Photo-coffret-Fargues-1229x1536.jpg 1229w, https:\/\/vinefloria.com\/wp-content\/uploads\/2020\/12\/Photo-coffret-Fargues-600x750.jpg 600w, https:\/\/vinefloria.com\/wp-content\/uploads\/2020\/12\/Photo-coffret-Fargues.jpg 1440w\" sizes=\"(max-width: 240px) 100vw, 240px\" \/>\t\t\t\t\t\t\t\t\t\t\t\t\t\t<\/div>\n\t\t\t\t\t\t<\/div>\n\t\t\t\t<\/div>\n\t\t\t\t\t\t<\/div>\n\t\t\t\t\t<\/div>\n\t\t<\/div>\n\t\t\t\t\t\t\t\t<\/div>\n\t\t\t\t\t<\/div>\n\t\t<\/section>\n\t\t\t\t<section class=\"elementor-section elementor-top-section elementor-element elementor-element-d4ce905 elementor-section-boxed elementor-section-height-default elementor-section-height-default parallax_section_no qode_elementor_container_no\" data-id=\"d4ce905\" data-element_type=\"section\">\n\t\t\t\t\t\t<div class=\"elementor-container elementor-column-gap-default\">\n\t\t\t\t\t\t\t<div class=\"elementor-row\">\n\t\t\t\t\t<div class=\"elementor-column elementor-col-100 elementor-top-column elementor-element elementor-element-f66f232\" data-id=\"f66f232\" data-element_type=\"column\">\n\t\t\t<div class=\"elementor-column-wrap elementor-element-populated\">\n\t\t\t\t\t\t\t<div class=\"elementor-widget-wrap\">\n\t\t\t\t\t\t<div class=\"elementor-element elementor-element-912fd16 elementor-widget elementor-widget-image\" data-id=\"912fd16\" data-element_type=\"widget\" data-widget_type=\"image.default\">\n\t\t\t\t<div class=\"elementor-widget-container\">\n\t\t\t\t\t\t\t\t<div class=\"elementor-image\">\n\t\t\t\t\t\t\t\t\t\t\t\t<img width=\"217\" height=\"300\" src=\"https:\/\/vinefloria.com\/wp-content\/uploads\/2021\/06\/photo-coffret.fevrier-Mars-217x300.jpg\" class=\"attachment-medium size-medium\" alt=\"\" loading=\"lazy\" srcset=\"https:\/\/vinefloria.com\/wp-content\/uploads\/2021\/06\/photo-coffret.fevrier-Mars-217x300.jpg 217w, https:\/\/vinefloria.com\/wp-content\/uploads\/2021\/06\/photo-coffret.fevrier-Mars-740x1024.jpg 740w, https:\/\/vinefloria.com\/wp-content\/uploads\/2021\/06\/photo-coffret.fevrier-Mars-768x1063.jpg 768w, https:\/\/vinefloria.com\/wp-content\/uploads\/2021\/06\/photo-coffret.fevrier-Mars-1109x1536.jpg 1109w, https:\/\/vinefloria.com\/wp-content\/uploads\/2021\/06\/photo-coffret.fevrier-Mars-1479x2048.jpg 1479w, https:\/\/vinefloria.com\/wp-content\/uploads\/2021\/06\/photo-coffret.fevrier-Mars-700x969.jpg 700w, https:\/\/vinefloria.com\/wp-content\/uploads\/2021\/06\/photo-coffret.fevrier-Mars-600x831.jpg 600w, https:\/\/vinefloria.com\/wp-content\/uploads\/2021\/06\/photo-coffret.fevrier-Mars.jpg 1558w\" sizes=\"(max-width: 217px) 100vw, 217px\" \/>\t\t\t\t\t\t\t\t\t\t\t\t\t\t<\/div>\n\t\t\t\t\t\t<\/div>\n\t\t\t\t<\/div>\n\t\t\t\t\t\t<\/div>\n\t\t\t\t\t<\/div>\n\t\t<\/div>\n\t\t\t\t\t\t\t\t<\/div>\n\t\t\t\t\t<\/div>\n\t\t<\/section>\n\t\t\t\t\t\t\t\t\t<\/div>\n\t\t\t<\/div>\n\t\t\t\t\t<\/div>\n\t\t","protected":false},"excerpt":{"rendered":"<p>Le coffret est pour nous le moyen d&rsquo;apporter l&rsquo;exp\u00e9rience de l&rsquo;accord mets &amp; vins chez vous !\u00a0 De la mani\u00e8re la plus simple et ludique pour un instant de partage et de gourmandise assur\u00e9. Chaque saison, nous composons des condiments (\u00e9pices, plantes, fruits et l\u00e9gumes&#8230;<\/p>\n","protected":false},"author":1,"featured_media":5388,"parent":0,"menu_order":0,"comment_status":"closed","ping_status":"closed","template":"","meta":[],"yoast_head":"<!-- This site is optimized with the Yoast SEO plugin v18.5.1 - https:\/\/yoast.com\/wordpress\/plugins\/seo\/ -->\n<title>Coffrets et Abonnements &quot;Accords&quot; - VINEFLORIA<\/title>\n<meta name=\"robots\" content=\"index, follow, max-snippet:-1, max-image-preview:large, max-video-preview:-1\" \/>\n<link rel=\"canonical\" href=\"https:\/\/vinefloria.com\/index.php\/coffrets-et-abonnements-accords\/\" \/>\n<meta property=\"og:locale\" content=\"fr_FR\" \/>\n<meta property=\"og:type\" content=\"article\" \/>\n<meta property=\"og:title\" content=\"Coffrets et Abonnements &quot;Accords&quot; - VINEFLORIA\" \/>\n<meta property=\"og:description\" content=\"Le coffret est pour nous le moyen d&rsquo;apporter l&rsquo;exp\u00e9rience de l&rsquo;accord mets &amp; vins chez vous !\u00a0 De la mani\u00e8re la plus simple et ludique pour un instant de partage et de gourmandise assur\u00e9. Chaque saison, nous composons des condiments (\u00e9pices, plantes, fruits et l\u00e9gumes...\" \/>\n<meta property=\"og:url\" content=\"https:\/\/vinefloria.com\/index.php\/coffrets-et-abonnements-accords\/\" \/>\n<meta property=\"og:site_name\" content=\"VINEFLORIA\" \/>\n<meta property=\"article:modified_time\" content=\"2021-06-15T16:14:39+00:00\" \/>\n<meta property=\"og:image\" content=\"https:\/\/vinefloria.com\/wp-content\/uploads\/2020\/12\/Photo-coffret-Fargues.jpg\" \/>\n\t<meta property=\"og:image:width\" content=\"1440\" \/>\n\t<meta property=\"og:image:height\" content=\"1800\" \/>\n\t<meta property=\"og:image:type\" content=\"image\/jpeg\" \/>\n<meta name=\"twitter:card\" content=\"summary_large_image\" \/>\n<meta name=\"twitter:label1\" content=\"Dur\u00e9e de lecture estim\u00e9e\" \/>\n\t<meta name=\"twitter:data1\" content=\"2 minutes\" \/>\n<script type=\"application\/ld+json\" class=\"yoast-schema-graph\">{\"@context\":\"https:\/\/schema.org\",\"@graph\":[{\"@type\":\"WebSite\",\"@id\":\"https:\/\/vinefloria.com\/#website\",\"url\":\"https:\/\/vinefloria.com\/\",\"name\":\"VINEFLORIA\",\"description\":\"Le go\u00fbt en mouvement\",\"potentialAction\":[{\"@type\":\"SearchAction\",\"target\":{\"@type\":\"EntryPoint\",\"urlTemplate\":\"https:\/\/vinefloria.com\/?s={search_term_string}\"},\"query-input\":\"required name=search_term_string\"}],\"inLanguage\":\"fr-FR\"},{\"@type\":\"ImageObject\",\"@id\":\"https:\/\/vinefloria.com\/index.php\/coffrets-et-abonnements-accords\/#primaryimage\",\"inLanguage\":\"fr-FR\",\"url\":\"https:\/\/vinefloria.com\/wp-content\/uploads\/2020\/12\/Photo-coffret-Fargues.jpg\",\"contentUrl\":\"https:\/\/vinefloria.com\/wp-content\/uploads\/2020\/12\/Photo-coffret-Fargues.jpg\",\"width\":1440,\"height\":1800},{\"@type\":\"WebPage\",\"@id\":\"https:\/\/vinefloria.com\/index.php\/coffrets-et-abonnements-accords\/#webpage\",\"url\":\"https:\/\/vinefloria.com\/index.php\/coffrets-et-abonnements-accords\/\",\"name\":\"Coffrets et Abonnements \\\"Accords\\\" - VINEFLORIA\",\"isPartOf\":{\"@id\":\"https:\/\/vinefloria.com\/#website\"},\"primaryImageOfPage\":{\"@id\":\"https:\/\/vinefloria.com\/index.php\/coffrets-et-abonnements-accords\/#primaryimage\"},\"datePublished\":\"2021-02-21T12:36:11+00:00\",\"dateModified\":\"2021-06-15T16:14:39+00:00\",\"breadcrumb\":{\"@id\":\"https:\/\/vinefloria.com\/index.php\/coffrets-et-abonnements-accords\/#breadcrumb\"},\"inLanguage\":\"fr-FR\",\"potentialAction\":[{\"@type\":\"ReadAction\",\"target\":[\"https:\/\/vinefloria.com\/index.php\/coffrets-et-abonnements-accords\/\"]}]},{\"@type\":\"BreadcrumbList\",\"@id\":\"https:\/\/vinefloria.com\/index.php\/coffrets-et-abonnements-accords\/#breadcrumb\",\"itemListElement\":[{\"@type\":\"ListItem\",\"position\":1,\"name\":\"Home\",\"item\":\"https:\/\/vinefloria.com\/\"},{\"@type\":\"ListItem\",\"position\":2,\"name\":\"Coffrets et Abonnements \u00ab\u00a0Accords\u00a0\u00bb\"}]}]}<\/script>\n<!-- \/ Yoast SEO plugin. -->","yoast_head_json":{"title":"Coffrets et Abonnements \"Accords\" - VINEFLORIA","robots":{"index":"index","follow":"follow","max-snippet":"max-snippet:-1","max-image-preview":"max-image-preview:large","max-video-preview":"max-video-preview:-1"},"canonical":"https:\/\/vinefloria.com\/index.php\/coffrets-et-abonnements-accords\/","og_locale":"fr_FR","og_type":"article","og_title":"Coffrets et Abonnements \"Accords\" - VINEFLORIA","og_description":"Le coffret est pour nous le moyen d&rsquo;apporter l&rsquo;exp\u00e9rience de l&rsquo;accord mets &amp; vins chez vous !\u00a0 De la mani\u00e8re la plus simple et ludique pour un instant de partage et de gourmandise assur\u00e9. Chaque saison, nous composons des condiments (\u00e9pices, plantes, fruits et l\u00e9gumes...","og_url":"https:\/\/vinefloria.com\/index.php\/coffrets-et-abonnements-accords\/","og_site_name":"VINEFLORIA","article_modified_time":"2021-06-15T16:14:39+00:00","og_image":[{"width":1440,"height":1800,"url":"https:\/\/vinefloria.com\/wp-content\/uploads\/2020\/12\/Photo-coffret-Fargues.jpg","type":"image\/jpeg"}],"twitter_card":"summary_large_image","twitter_misc":{"Dur\u00e9e de lecture estim\u00e9e":"2 minutes"},"schema":{"@context":"https:\/\/schema.org","@graph":[{"@type":"WebSite","@id":"https:\/\/vinefloria.com\/#website","url":"https:\/\/vinefloria.com\/","name":"VINEFLORIA","description":"Le go\u00fbt en mouvement","potentialAction":[{"@type":"SearchAction","target":{"@type":"EntryPoint","urlTemplate":"https:\/\/vinefloria.com\/?s={search_term_string}"},"query-input":"required name=search_term_string"}],"inLanguage":"fr-FR"},{"@type":"ImageObject","@id":"https:\/\/vinefloria.com\/index.php\/coffrets-et-abonnements-accords\/#primaryimage","inLanguage":"fr-FR","url":"https:\/\/vinefloria.com\/wp-content\/uploads\/2020\/12\/Photo-coffret-Fargues.jpg","contentUrl":"https:\/\/vinefloria.com\/wp-content\/uploads\/2020\/12\/Photo-coffret-Fargues.jpg","width":1440,"height":1800},{"@type":"WebPage","@id":"https:\/\/vinefloria.com\/index.php\/coffrets-et-abonnements-accords\/#webpage","url":"https:\/\/vinefloria.com\/index.php\/coffrets-et-abonnements-accords\/","name":"Coffrets et Abonnements \"Accords\" - VINEFLORIA","isPartOf":{"@id":"https:\/\/vinefloria.com\/#website"},"primaryImageOfPage":{"@id":"https:\/\/vinefloria.com\/index.php\/coffrets-et-abonnements-accords\/#primaryimage"},"datePublished":"2021-02-21T12:36:11+00:00","dateModified":"2021-06-15T16:14:39+00:00","breadcrumb":{"@id":"https:\/\/vinefloria.com\/index.php\/coffrets-et-abonnements-accords\/#breadcrumb"},"inLanguage":"fr-FR","potentialAction":[{"@type":"ReadAction","target":["https:\/\/vinefloria.com\/index.php\/coffrets-et-abonnements-accords\/"]}]},{"@type":"BreadcrumbList","@id":"https:\/\/vinefloria.com\/index.php\/coffrets-et-abonnements-accords\/#breadcrumb","itemListElement":[{"@type":"ListItem","position":1,"name":"Home","item":"https:\/\/vinefloria.com\/"},{"@type":"ListItem","position":2,"name":"Coffrets et Abonnements \u00ab\u00a0Accords\u00a0\u00bb"}]}]}},"_links":{"self":[{"href":"https:\/\/vinefloria.com\/index.php\/wp-json\/wp\/v2\/pages\/5559"}],"collection":[{"href":"https:\/\/vinefloria.com\/index.php\/wp-json\/wp\/v2\/pages"}],"about":[{"href":"https:\/\/vinefloria.com\/index.php\/wp-json\/wp\/v2\/types\/page"}],"author":[{"embeddable":true,"href":"https:\/\/vinefloria.com\/index.php\/wp-json\/wp\/v2\/users\/1"}],"replies":[{"embeddable":true,"href":"https:\/\/vinefloria.com\/index.php\/wp-json\/wp\/v2\/comments?post=5559"}],"version-history":[{"count":25,"href":"https:\/\/vinefloria.com\/index.php\/wp-json\/wp\/v2\/pages\/5559\/revisions"}],"predecessor-version":[{"id":5827,"href":"https:\/\/vinefloria.com\/index.php\/wp-json\/wp\/v2\/pages\/5559\/revisions\/5827"}],"wp:featuredmedia":[{"embeddable":true,"href":"https:\/\/vinefloria.com\/index.php\/wp-json\/wp\/v2\/media\/5388"}],"wp:attachment":[{"href":"https:\/\/vinefloria.com\/index.php\/wp-json\/wp\/v2\/media?parent=5559"}],"curies":[{"name":"wp","href":"https:\/\/api.w.org\/{rel}","templated":true}]}}